{"id":22657,"date":"2024-12-12T13:56:56","date_gmt":"2024-12-12T13:56:56","guid":{"rendered":"https:\/\/zen4k.net\/call-us\/"},"modified":"2025-02-23T20:53:21","modified_gmt":"2025-02-23T20:53:21","slug":"call-us","status":"publish","type":"page","link":"https:\/\/zen4k.net\/fr\/call-us\/","title":{"rendered":"call us"},"content":{"rendered":"[mhc_section admin_label=\u00a0\u00bb\u0642\u0633\u0645\u00a0\u00bb fullwidth=\u00a0\u00bbon\u00a0\u00bb specialty=\u00a0\u00bboff\u00a0\u00bb transparent_background=\u00a0\u00bbon\u00a0\u00bb gradient_background=\u00a0\u00bboff\u00a0\u00bb background_color=\u00a0\u00bb#e0390f\u00a0\u00bb gradient_style=\u00a0\u00bbhorizontal\u00a0\u00bb inner_shadow=\u00a0\u00bboff\u00a0\u00bb parallax=\u00a0\u00bboff\u00a0\u00bb parallax_method=\u00a0\u00bboff\u00a0\u00bb video_pause=\u00a0\u00bboff\u00a0\u00bb allow_advanced_padding=\u00a0\u00bboff\u00a0\u00bb remove_padding=\u00a0\u00bboff\u00a0\u00bb force_fullwidth=\u00a0\u00bboff\u00a0\u00bb column_paddings=\u00a0\u00bbpadding-0pct\u00a0\u00bb column_match_heights=\u00a0\u00bboff\u00a0\u00bb separator_top=\u00a0\u00bboff\u00a0\u00bb separator_bottom=\u00a0\u00bboff\u00a0\u00bb background_image=\u00a0\u00bbhttps:\/\/www.zen4k.net\/wp-content\/uploads\/2024\/12\/screen-0.jpg\u00a0\u00bb transparent_image=\u00a0\u00bb40&Prime; video_hide=\u00a0\u00bboff\u00a0\u00bb background_leak=\u00a0\u00bboff\u00a0\u00bb background_leak_color=\u00a0\u00bb#ffffff\u00a0\u00bb background_leak_size=\u00a0\u00bb50&Prime; background_image_size=\u00a0\u00bbcover\u00a0\u00bb background_image_repeat=\u00a0\u00bbno-repeat\u00a0\u00bb background_image_position_x=\u00a0\u00bbcenter\u00a0\u00bb background_image_position_y=\u00a0\u00bbcenter\u00a0\u00bb animation=\u00a0\u00bboff\u00a0\u00bb animation_color=\u00a0\u00bb#ffffff\u00a0\u00bb mobile_2_pr_row=\u00a0\u00bboff\u00a0\u00bb mobile_reverse=\u00a0\u00bboff\u00a0\u00bb][mhc_fullwidth_header admin_label=\u00a0\u00bbFull-width Header\u00a0\u00bb title=\u00a0\u00bbAppelez-nous maintenant\u00a0\u00bb subhead=\u00a0\u00bbNous vous r\u00e9pondrons dans les plus brefs d\u00e9lais\u00a0\u00bb subhead_position=\u00a0\u00bbbottom\u00a0\u00bb background_layout=\u00a0\u00bbdark\u00a0\u00bb text_orientation=\u00a0\u00bbcenter\u00a0\u00bb animation=\u00a0\u00bbtop\u00a0\u00bb title_bold=\u00a0\u00bbon\u00a0\u00bb custom_paddings=\u00a0\u00bb40px\u00a0\u00bb use_icon=\u00a0\u00bboff\u00a0\u00bb font_list=\u00a0\u00bbmhicons\u00a0\u00bb icon_color=\u00a0\u00bb#10b661&Prime; use_circle=\u00a0\u00bboff\u00a0\u00bb use_circle_bg=\u00a0\u00bboff\u00a0\u00bb circle_color=\u00a0\u00bb#10b661&Prime; use_circle_border=\u00a0\u00bboff\u00a0\u00bb circle_border_color=\u00a0\u00bb#10b661&Prime; use_icon_size=\u00a0\u00bboff\u00a0\u00bb icon_size=\u00a0\u00bb50&Prime; size=\u00a0\u00bb43&Prime; subhead_size=\u00a0\u00bb16&Prime; saved_tabs=\u00a0\u00bball\u00a0\u00bb] [\/mhc_fullwidth_header][\/mhc_section][mhc_section admin_label=\u00a0\u00bbsection\u00a0\u00bb transparent_background=\u00a0\u00bboff\u00a0\u00bb gradient_background=\u00a0\u00bboff\u00a0\u00bb background_color=\u00a0\u00bb#ffffff\u00a0\u00bb gradient_style=\u00a0\u00bbhorizontal\u00a0\u00bb inner_shadow=\u00a0\u00bboff\u00a0\u00bb parallax=\u00a0\u00bboff\u00a0\u00bb parallax_method=\u00a0\u00bboff\u00a0\u00bb video_pause=\u00a0\u00bboff\u00a0\u00bb allow_advanced_padding=\u00a0\u00bboff\u00a0\u00bb remove_padding=\u00a0\u00bboff\u00a0\u00bb force_fullwidth=\u00a0\u00bboff\u00a0\u00bb column_paddings=\u00a0\u00bbpadding-0pct\u00a0\u00bb column_match_heights=\u00a0\u00bboff\u00a0\u00bb separator_top=\u00a0\u00bboff\u00a0\u00bb separator_bottom=\u00a0\u00bboff\u00a0\u00bb][mhc_row admin_label=\u00a0\u00bb\u0635\u0641\u00a0\u00bb gradient_background=\u00a0\u00bboff\u00a0\u00bb gradient_style=\u00a0\u00bbhorizontal\u00a0\u00bb remove_padding=\u00a0\u00bboff\u00a0\u00bb][mhc_column type=\u00a0\u00bb1_2&Prime;][mhc_text admin_label=\u00a0\u00bbText\u00a0\u00bb background_layout=\u00a0\u00bblight\u00a0\u00bb text_orientation=\u00a0\u00bbleft\u00a0\u00bb animation=\u00a0\u00bboff\u00a0\u00bb]\n<h1 class=\"uagb-ifb-title\" dir=\"ltr\">Appelez-nous et commencez \u00e0 regarder vos \u00e9missions pr\u00e9f\u00e9r\u00e9es d\u00e8s aujourd&rsquo;hui !<\/h1>\n[\/mhc_text][mhc_blurb admin_label=\u00a0\u00bbBlurb\u00a0\u00bb title=\u00a0\u00bbl&rsquo;observation\u00a0\u00bb url_new_window=\u00a0\u00bboff\u00a0\u00bb use_icon=\u00a0\u00bbon\u00a0\u00bb font_list=\u00a0\u00bblinearicons\u00a0\u00bb font_linearicons=\u00a0\u00bb%%201%%\u00a0\u00bb icon_color=\u00a0\u00bb#ef5a04&Prime; use_circle=\u00a0\u00bboff\u00a0\u00bb use_circle_bg=\u00a0\u00bboff\u00a0\u00bb circle_color=\u00a0\u00bb#05a9e2&Prime; use_circle_border=\u00a0\u00bboff\u00a0\u00bb circle_border_color=\u00a0\u00bb#05a9e2&Prime; icon_placement=\u00a0\u00bbleft\u00a0\u00bb animation=\u00a0\u00bbleft\u00a0\u00bb background_layout=\u00a0\u00bblight\u00a0\u00bb text_orientation=\u00a0\u00bbright\u00a0\u00bb use_background=\u00a0\u00bboff\u00a0\u00bb background_color=\u00a0\u00bb#f5f5f5&Prime; wrap_inside_link=\u00a0\u00bboff\u00a0\u00bb hoverfx=\u00a0\u00bbnone\u00a0\u00bb use_icon_size=\u00a0\u00bboff\u00a0\u00bb icon_size=\u00a0\u00bb50&Prime; circle_radius=\u00a0\u00bb100&Prime;]\n<p dir=\"ltr\">regarder toutes ses cha\u00eenes pr\u00e9f\u00e9r\u00e9es<\/p>\n[\/mhc_blurb][mhc_blurb admin_label=\u00a0\u00bbBlurb\u00a0\u00bb title=\u00a0\u00bbmeilleur prix\u00a0\u00bb url_new_window=\u00a0\u00bboff\u00a0\u00bb use_icon=\u00a0\u00bbon\u00a0\u00bb font_list=\u00a0\u00bbmhicons\u00a0\u00bb font_linearicons=\u00a0\u00bb%%235%%\u00a0\u00bb icon_color=\u00a0\u00bb#c92b04&Prime; use_circle=\u00a0\u00bboff\u00a0\u00bb use_circle_bg=\u00a0\u00bboff\u00a0\u00bb circle_color=\u00a0\u00bb#05a9e2&Prime; use_circle_border=\u00a0\u00bboff\u00a0\u00bb circle_border_color=\u00a0\u00bb#05a9e2&Prime; icon_placement=\u00a0\u00bbleft\u00a0\u00bb animation=\u00a0\u00bbleft\u00a0\u00bb background_layout=\u00a0\u00bblight\u00a0\u00bb text_orientation=\u00a0\u00bbright\u00a0\u00bb use_background=\u00a0\u00bboff\u00a0\u00bb background_color=\u00a0\u00bb#f5f5f5&Prime; wrap_inside_link=\u00a0\u00bboff\u00a0\u00bb hoverfx=\u00a0\u00bbnone\u00a0\u00bb use_icon_size=\u00a0\u00bboff\u00a0\u00bb icon_size=\u00a0\u00bb50&Prime; circle_radius=\u00a0\u00bb100&Prime; font_mhicons=\u00a0\u00bb%%232%%\u00a0\u00bb]\n<p dir=\"ltr\">Prix r\u00e9duits et offres exclusives<\/p>\n[\/mhc_blurb][mhc_blurb admin_label=\u00a0\u00bbBlurb\u00a0\u00bb title=\u00a0\u00bb8k &#8211; 4k &#8211; fhd\u00a0\u00bb url_new_window=\u00a0\u00bboff\u00a0\u00bb use_icon=\u00a0\u00bbon\u00a0\u00bb font_list=\u00a0\u00bbicomoon\u00a0\u00bb font_linearicons=\u00a0\u00bb%%228%%\u00a0\u00bb icon_color=\u00a0\u00bb#d85204&Prime; use_circle=\u00a0\u00bboff\u00a0\u00bb use_circle_bg=\u00a0\u00bboff\u00a0\u00bb circle_color=\u00a0\u00bb#05a9e2&Prime; use_circle_border=\u00a0\u00bboff\u00a0\u00bb circle_border_color=\u00a0\u00bb#05a9e2&Prime; icon_placement=\u00a0\u00bbleft\u00a0\u00bb animation=\u00a0\u00bbleft\u00a0\u00bb background_layout=\u00a0\u00bblight\u00a0\u00bb text_orientation=\u00a0\u00bbright\u00a0\u00bb use_background=\u00a0\u00bboff\u00a0\u00bb background_color=\u00a0\u00bb#f5f5f5&Prime; wrap_inside_link=\u00a0\u00bboff\u00a0\u00bb hoverfx=\u00a0\u00bbnone\u00a0\u00bb use_icon_size=\u00a0\u00bboff\u00a0\u00bb icon_size=\u00a0\u00bb50&Prime; circle_radius=\u00a0\u00bb100&Prime; font_icomoon=\u00a0\u00bb%%82%%\u00a0\u00bb]\n<p dir=\"ltr\">Regarder en haute qualit\u00e9<\/p>\n[\/mhc_blurb][\/mhc_column][mhc_column type=\u00a0\u00bb1_2&Prime;][mhc_contact_form admin_label=\u00a0\u00bbContact Form\u00a0\u00bb captcha=\u00a0\u00bbon\u00a0\u00bb background_layout=\u00a0\u00bblight\u00a0\u00bb form_style=\u00a0\u00bbbordered\u00a0\u00bb button_style=\u00a0\u00bbsolid\u00a0\u00bb use_redirect=\u00a0\u00bboff\u00a0\u00bb message_pattern=\u00a0\u00bbName: %%Name%% Email: %%Email%% Phone: %%Phone%% Message: %%Message%%\u00a0\u00bb email=\u00a0\u00bbsamehhabashy82@gmail.com\u00a0\u00bb] [mhc_contact_field field_title=\u00a0\u00bbNom\u00a0\u00bb field_type=\u00a0\u00bbinput\u00a0\u00bb field_id=\u00a0\u00bbName\u00a0\u00bb required_mark=\u00a0\u00bbon\u00a0\u00bb fullwidth_field=\u00a0\u00bbon\u00a0\u00bb] [\/mhc_contact_field][mhc_contact_field field_title=\u00a0\u00bbAdresse e-mail\u00a0\u00bb field_type=\u00a0\u00bbemail\u00a0\u00bb field_id=\u00a0\u00bbEmail\u00a0\u00bb required_mark=\u00a0\u00bbon\u00a0\u00bb fullwidth_field=\u00a0\u00bboff\u00a0\u00bb] [\/mhc_contact_field][mhc_contact_field field_title=\u00a0\u00bbT\u00e9l\u00e9phone\u00a0\u00bb field_id=\u00a0\u00bbphone\u00a0\u00bb field_type=\u00a0\u00bbinput\u00a0\u00bb required_mark=\u00a0\u00bbon\u00a0\u00bb fullwidth_field=\u00a0\u00bboff\u00a0\u00bb] [\/mhc_contact_field][mhc_contact_field field_title=\u00a0\u00bbMessage\u00a0\u00bb field_type=\u00a0\u00bbtext\u00a0\u00bb field_id=\u00a0\u00bbMessage\u00a0\u00bb required_mark=\u00a0\u00bbon\u00a0\u00bb fullwidth_field=\u00a0\u00bbon\u00a0\u00bb] [\/mhc_contact_field][mhc_contact_field field_title=\u00a0\u00bbNom de la souscription\u00a0\u00bb field_id=\u00a0\u00bbSubscription\u00a0\u00bb field_type=\u00a0\u00bbinput\u00a0\u00bb required_mark=\u00a0\u00bbon\u00a0\u00bb fullwidth_field=\u00a0\u00bbon\u00a0\u00bb] [\/mhc_contact_field][mhc_contact_field field_title=\u00a0\u00bbplan de souscription\u00a0\u00bb field_id=\u00a0\u00bbplan\u00a0\u00bb field_type=\u00a0\u00bbinput\u00a0\u00bb required_mark=\u00a0\u00bbon\u00a0\u00bb fullwidth_field=\u00a0\u00bbon\u00a0\u00bb] [\/mhc_contact_field] [\/mhc_contact_form][\/mhc_column][\/mhc_row][\/mhc_section][mhc_section admin_label=\u00a0\u00bb\u0642\u0633\u0645\u00a0\u00bb fullwidth=\u00a0\u00bboff\u00a0\u00bb specialty=\u00a0\u00bboff\u00a0\u00bb transparent_background=\u00a0\u00bbon\u00a0\u00bb gradient_background=\u00a0\u00bboff\u00a0\u00bb background_color=\u00a0\u00bb#ce5504&Prime; gradient_style=\u00a0\u00bbhorizontal\u00a0\u00bb inner_shadow=\u00a0\u00bboff\u00a0\u00bb parallax=\u00a0\u00bboff\u00a0\u00bb parallax_method=\u00a0\u00bboff\u00a0\u00bb video_pause=\u00a0\u00bboff\u00a0\u00bb allow_advanced_padding=\u00a0\u00bboff\u00a0\u00bb remove_padding=\u00a0\u00bboff\u00a0\u00bb force_fullwidth=\u00a0\u00bboff\u00a0\u00bb column_paddings=\u00a0\u00bbpadding-0pct\u00a0\u00bb column_match_heights=\u00a0\u00bbon\u00a0\u00bb separator_top=\u00a0\u00bboff\u00a0\u00bb separator_bottom=\u00a0\u00bboff\u00a0\u00bb background_image=\u00a0\u00bbhttps:\/\/www.zen4k.net\/wp-content\/uploads\/2024\/12\/images-1.jpeg\u00a0\u00bb transparent_image=\u00a0\u00bb27&Prime; video_hide=\u00a0\u00bboff\u00a0\u00bb background_leak=\u00a0\u00bboff\u00a0\u00bb background_leak_color=\u00a0\u00bb#ffffff\u00a0\u00bb background_leak_size=\u00a0\u00bb50&Prime; background_image_size=\u00a0\u00bbcover\u00a0\u00bb background_image_repeat=\u00a0\u00bbno-repeat\u00a0\u00bb background_image_position_x=\u00a0\u00bbcenter\u00a0\u00bb background_image_position_y=\u00a0\u00bbcenter\u00a0\u00bb animation=\u00a0\u00bboff\u00a0\u00bb animation_color=\u00a0\u00bb#ffffff\u00a0\u00bb mobile_2_pr_row=\u00a0\u00bboff\u00a0\u00bb mobile_reverse=\u00a0\u00bboff\u00a0\u00bb][mhc_row admin_label=\u00a0\u00bb\u0635\u0641\u00a0\u00bb][mhc_column type=\u00a0\u00bb1_3&Prime;][mhc_blurb admin_label=\u00a0\u00bbBlurb\u00a0\u00bb url_new_window=\u00a0\u00bboff\u00a0\u00bb use_icon=\u00a0\u00bbon\u00a0\u00bb font_list=\u00a0\u00bblinearicons\u00a0\u00bb font_linearicons=\u00a0\u00bb%%220%%\u00a0\u00bb icon_color=\u00a0\u00bb#ffffff\u00a0\u00bb use_circle=\u00a0\u00bboff\u00a0\u00bb use_circle_bg=\u00a0\u00bboff\u00a0\u00bb circle_color=\u00a0\u00bb#10b661&Prime; use_circle_border=\u00a0\u00bboff\u00a0\u00bb circle_border_color=\u00a0\u00bb#10b661&Prime; icon_placement=\u00a0\u00bbleft\u00a0\u00bb animation=\u00a0\u00bbfade_in\u00a0\u00bb background_layout=\u00a0\u00bbdark\u00a0\u00bb text_orientation=\u00a0\u00bbright\u00a0\u00bb use_background=\u00a0\u00bbon\u00a0\u00bb background_color=\u00a0\u00bbrgba(0,0,0,0)\u00a0\u00bb wrap_inside_link=\u00a0\u00bbon\u00a0\u00bb hoverfx=\u00a0\u00bbnone\u00a0\u00bb overlay_color=\u00a0\u00bb#121212&Prime; use_icon_font_size=\u00a0\u00bbon\u00a0\u00bb icon_font_size=\u00a0\u00bb40&Prime; circle_radius=\u00a0\u00bb100&Prime; use_icon_size=\u00a0\u00bboff\u00a0\u00bb icon_size=\u00a0\u00bb50&Prime; url=\u00a0\u00bbhttp:\/\/mharty.com\/demos\/en-clinic\/arrival\/\u00a0\u00bb]\n<h4 dir=\"ltr\">+1 (816) 683-1663<\/h4>\n<p dir=\"ltr\">Appeler pour un essai gratuit<\/p>\n[\/mhc_blurb][\/mhc_column][mhc_column type=\u00a0\u00bb1_3&Prime;][mhc_blurb admin_label=\u00a0\u00bbBlurb\u00a0\u00bb url_new_window=\u00a0\u00bboff\u00a0\u00bb use_icon=\u00a0\u00bbon\u00a0\u00bb font_list=\u00a0\u00bbicomoon\u00a0\u00bb font_linearicons=\u00a0\u00bb%%78%%\u00a0\u00bb icon_color=\u00a0\u00bb#ffffff\u00a0\u00bb use_circle=\u00a0\u00bboff\u00a0\u00bb use_circle_bg=\u00a0\u00bboff\u00a0\u00bb circle_color=\u00a0\u00bb#10b661&Prime; use_circle_border=\u00a0\u00bboff\u00a0\u00bb circle_border_color=\u00a0\u00bb#10b661&Prime; icon_placement=\u00a0\u00bbleft\u00a0\u00bb animation=\u00a0\u00bbfade_in\u00a0\u00bb background_layout=\u00a0\u00bbdark\u00a0\u00bb text_orientation=\u00a0\u00bbright\u00a0\u00bb use_background=\u00a0\u00bbon\u00a0\u00bb wrap_inside_link=\u00a0\u00bbon\u00a0\u00bb hoverfx=\u00a0\u00bbnone\u00a0\u00bb overlay_color=\u00a0\u00bb#121212&Prime; use_icon_font_size=\u00a0\u00bbon\u00a0\u00bb icon_font_size=\u00a0\u00bb40&Prime; circle_radius=\u00a0\u00bb100&Prime; use_icon_size=\u00a0\u00bboff\u00a0\u00bb icon_size=\u00a0\u00bb50&Prime; background_color=\u00a0\u00bbrgba(0,0,0,0)\u00a0\u00bb font_icomoon=\u00a0\u00bb%%82%%\u00a0\u00bb]\n<h4 dir=\"ltr\">soutien<\/h4>\n<p dir=\"ltr\"><strong><span style=\"font-size: 22px;\">24\/7<\/span><\/strong><\/p>\n[\/mhc_blurb][\/mhc_column][mhc_column type=\u00a0\u00bb1_3&Prime;][mhc_blurb admin_label=\u00a0\u00bbBlurb\u00a0\u00bb url_new_window=\u00a0\u00bboff\u00a0\u00bb use_icon=\u00a0\u00bbon\u00a0\u00bb font_list=\u00a0\u00bbicomoon\u00a0\u00bb font_linearicons=\u00a0\u00bb%%176%%\u00a0\u00bb icon_color=\u00a0\u00bb#ffffff\u00a0\u00bb use_circle=\u00a0\u00bboff\u00a0\u00bb use_circle_bg=\u00a0\u00bboff\u00a0\u00bb circle_color=\u00a0\u00bb#10b661&Prime; use_circle_border=\u00a0\u00bboff\u00a0\u00bb circle_border_color=\u00a0\u00bb#10b661&Prime; icon_placement=\u00a0\u00bbleft\u00a0\u00bb animation=\u00a0\u00bbfade_in\u00a0\u00bb background_layout=\u00a0\u00bbdark\u00a0\u00bb text_orientation=\u00a0\u00bbright\u00a0\u00bb use_background=\u00a0\u00bbon\u00a0\u00bb wrap_inside_link=\u00a0\u00bbon\u00a0\u00bb hoverfx=\u00a0\u00bbnone\u00a0\u00bb overlay_color=\u00a0\u00bb#121212&Prime; use_icon_font_size=\u00a0\u00bbon\u00a0\u00bb icon_font_size=\u00a0\u00bb40&Prime; circle_radius=\u00a0\u00bb100&Prime; use_icon_size=\u00a0\u00bboff\u00a0\u00bb icon_size=\u00a0\u00bb50&Prime; background_color=\u00a0\u00bbrgba(0,0,0,0)\u00a0\u00bb url=\u00a0\u00bbhttp:\/\/mharty.com\/demos\/en-clinic\/arrival\/\u00a0\u00bb font_icomoon=\u00a0\u00bb%%59%%\u00a0\u00bb]\n<h4 dir=\"ltr\">Localisation<\/h4>\n<p dir=\"ltr\">boutique en ligne<\/p>\n[\/mhc_blurb][\/mhc_column][\/mhc_row][\/mhc_section]\n","protected":false},"excerpt":{"rendered":"<p>[mhc_section admin_label=\u00a0\u00bb\u0642\u0633\u0645\u00a0\u00bb fullwidth=\u00a0\u00bbon\u00a0\u00bb specialty=\u00a0\u00bboff\u00a0\u00bb transparent_background=\u00a0\u00bbon\u00a0\u00bb gradient_background=\u00a0\u00bboff\u00a0\u00bb background_color=\u00a0\u00bb#e0390f\u00a0\u00bb gradient_style=\u00a0\u00bbhorizontal\u00a0\u00bb inner_shadow=\u00a0\u00bboff\u00a0\u00bb parallax=\u00a0\u00bboff\u00a0\u00bb parallax_method=\u00a0\u00bboff\u00a0\u00bb video_pause=\u00a0\u00bboff\u00a0\u00bb allow_advanced_padding=\u00a0\u00bboff\u00a0\u00bb remove_padding=\u00a0\u00bboff\u00a0\u00bb force_fullwidth=\u00a0\u00bboff\u00a0\u00bb column_paddings=\u00a0\u00bbpadding-0pct\u00a0\u00bb column_match_heights=\u00a0\u00bboff\u00a0\u00bb separator_top=\u00a0\u00bboff\u00a0\u00bb separator_bottom=\u00a0\u00bboff\u00a0\u00bb background_image=\u00a0\u00bbhttps:\/\/www.zen4k.net\/wp-content\/uploads\/2024\/12\/screen-0.jpg\u00a0\u00bb transparent_image=\u00a0\u00bb40&Prime; video_hide=\u00a0\u00bboff\u00a0\u00bb background_leak=\u00a0\u00bboff\u00a0\u00bb background_leak_color=\u00a0\u00bb#ffffff\u00a0\u00bb background_leak_size=\u00a0\u00bb50&Prime; background_image_size=\u00a0\u00bbcover\u00a0\u00bb background_image_repeat=\u00a0\u00bbno-repeat\u00a0\u00bb background_image_position_x=\u00a0\u00bbcenter\u00a0\u00bb background_image_position_y=\u00a0\u00bbcenter\u00a0\u00bb animation=\u00a0\u00bboff\u00a0\u00bb animation_color=\u00a0\u00bb#ffffff\u00a0\u00bb mobile_2_pr_row=\u00a0\u00bboff\u00a0\u00bb mobile_reverse=\u00a0\u00bboff\u00a0\u00bb][mhc_fullwidth_header admin_label=\u00a0\u00bbFull-width Header\u00a0\u00bb title=\u00a0\u00bbAppelez-nous maintenant\u00a0\u00bb subhead=\u00a0\u00bbNous vous r\u00e9pondrons dans les plus brefs d\u00e9lais\u00a0\u00bb subhead_position=\u00a0\u00bbbottom\u00a0\u00bb background_layout=\u00a0\u00bbdark\u00a0\u00bb text_orientation=\u00a0\u00bbcenter\u00a0\u00bb animation=\u00a0\u00bbtop\u00a0\u00bb title_bold=\u00a0\u00bbon\u00a0\u00bb custom_paddings=\u00a0\u00bb40px\u00a0\u00bb use_icon=\u00a0\u00bboff\u00a0\u00bb font_list=\u00a0\u00bbmhicons\u00a0\u00bb icon_color=\u00a0\u00bb#10b661&Prime; use_circle=\u00a0\u00bboff\u00a0\u00bb [&hellip;]<\/p>\n","protected":false},"author":1,"featured_media":22447,"parent":0,"menu_order":0,"comment_status":"closed","ping_status":"closed","template":"","meta":{"footnotes":""},"class_list":["post-22657","page","type-page","status-publish","has-post-thumbnail","hentry"],"_links":{"self":[{"href":"https:\/\/zen4k.net\/fr\/wp-json\/wp\/v2\/pages\/22657","targetHints":{"allow":["GET"]}}],"collection":[{"href":"https:\/\/zen4k.net\/fr\/wp-json\/wp\/v2\/pages"}],"about":[{"href":"https:\/\/zen4k.net\/fr\/wp-json\/wp\/v2\/types\/page"}],"author":[{"embeddable":true,"href":"https:\/\/zen4k.net\/fr\/wp-json\/wp\/v2\/users\/1"}],"replies":[{"embeddable":true,"href":"https:\/\/zen4k.net\/fr\/wp-json\/wp\/v2\/comments?post=22657"}],"version-history":[{"count":0,"href":"https:\/\/zen4k.net\/fr\/wp-json\/wp\/v2\/pages\/22657\/revisions"}],"wp:featuredmedia":[{"embeddable":true,"href":"https:\/\/zen4k.net\/fr\/wp-json\/wp\/v2\/media\/22447"}],"wp:attachment":[{"href":"https:\/\/zen4k.net\/fr\/wp-json\/wp\/v2\/media?parent=22657"}],"curies":[{"name":"wp","href":"https:\/\/api.w.org\/{rel}","templated":true}]}}