{"id":22672,"date":"2024-12-06T09:38:53","date_gmt":"2024-12-06T09:38:53","guid":{"rendered":"https:\/\/zen4k.net\/zen4k-for-one-year\/"},"modified":"2025-02-23T20:35:52","modified_gmt":"2025-02-23T20:35:52","slug":"abonnement-zen4k-iptv-12-mois","status":"publish","type":"product","link":"https:\/\/zen4k.net\/fr\/abonnement-zen4k-iptv-12-mois\/","title":{"rendered":"Abonnement Zen4K IPTV 12 mois"},"content":{"rendered":"<div class=\"elementor-element elementor-element-7bdb06c elementor-widget elementor-widget-heading\" data-id=\"7bdb06c\" data-element_type=\"widget\" data-widget_type=\"heading.default\">\n<div class=\"elementor-widget-container\">\n<h2>Abonnement Zen4K IPTV 12 mois<\/h2>\n<h2>Regardez ZEN 4K IPTV sur tous vos appareils<\/h2>\n<p>Avec ZEN 4K IPTV, regardez les meilleures \u00e9missions, films, s\u00e9ries et sports en direct de tous les pays sans publicit\u00e9.<\/p>\n<p>Diffusion TV en direct<br \/>\nL&rsquo;application KING 4K IPTV contient plus de 9000 cha\u00eenes en direct dans plusieurs qualit\u00e9s : HEVC, SD, HD, FULL HD et 4K.<\/p>\n<p>Films et s\u00e9ries<br \/>\nAvec KING 4K IPTV regardez tous vos films et s\u00e9ries pr\u00e9f\u00e9r\u00e9s : Films &#8211; Com\u00e9die &#8211; Action &#8211; Fantaisie &#8211; Emotion &#8211; Policier &#8230;<\/p>\n<p><strong>Voir aussi<\/strong><\/p>\n<p><a href=\"https:\/\/zen4k.net\/ar\/dlta-4k-iptv-for-one-year\/\"><span style=\"color: #ff0000;\"><strong>Abonnement Delta 4K &#8211; Le meilleur au monde pour 12 mois<\/strong><\/span><\/a><\/p>\n<p>IPTV &#8211; Haute qualit\u00e9 et prix comp\u00e9titifs. ZEN 4K IPTV fonctionne sur tous les appareils Android, Smart TV, Roku, Laptop et permet de regarder 50 000 cha\u00eenes de t\u00e9l\u00e9vision en direct et en VOD \u00e0 tout moment et n&rsquo;importe o\u00f9.<\/p>\n<p>zen4k pour un an<br \/>\nQualit\u00e9 4K &amp; FULL HD &amp; HD &amp; SD<br \/>\nLivraison instantan\u00e9e<br \/>\nAcc\u00e8s apr\u00e8s la commande Assistance<br \/>\nGuide TV pour tous les appareils (EPG)<br \/>\nSupport technique 24h\/24 et 7j\/7 Applications Android Mises \u00e0 jour gratuites<br \/>\nGarantie de remboursement<br \/>\nCompatible avec tous les appareils ZEN 4K :<\/p>\n<p>Smart TV \/ Apple TV<br \/>\nAndroid Box \/ Fire Stick<br \/>\nSmartphone \/ iPhone<br \/>\nTablette iPad<br \/>\nPC \/ Mac<br \/>\nzen4k pour un an<br \/>\nZen4k pour un an ios<br \/>\nT\u00e9l\u00e9charger Zen4k pour un an<br \/>\nzen4k pro code<\/p>\n<\/div>\n<\/div>\n","protected":false},"excerpt":{"rendered":"<h2>Abonnement Zen4K IPTV 12 mois<\/h2>\n<p>IPTV pour Box Android, IPTV pour Fire stick, IPTV pour Smart tv, IPTV M3U, IPTV Xtream<\/p>\n<p>ZEN 4K BEST IPTV SUBSCRIPTION regarder les meilleurs programmes, films, s\u00e9ries, sports en streaming direct depuis tous les pays sans publicit\u00e9.<\/p>\n<p>L&rsquo;application ZEN 4K contient plus de 9 000 cha\u00eenes en direct dans plusieurs qualit\u00e9s : HEVC, SD, HD, FULL HD et 4K. Regardez tous vos films et s\u00e9ries pr\u00e9f\u00e9r\u00e9s : Films &#8211; Com\u00e9die &#8211; Action &#8211; Fantaisie &#8211; Emotion &#8211; Policier&#8230;<\/p>\n","protected":false},"featured_media":22231,"comment_status":"open","ping_status":"closed","template":"","meta":[],"product_brand":[],"product_cat":[86,87],"product_tag":[88,89,90,91],"class_list":{"0":"post-22672","1":"product","2":"type-product","3":"status-publish","4":"has-post-thumbnail","6":"product_cat-subscription-iptv-fr","7":"product_cat-zen4k-iptv-fr","8":"product_tag-zen4k-for-one-year-fr","9":"product_tag-zen4k-for-one-year-download-fr","10":"product_tag-zen4k-for-one-year-ios-fr","11":"product_tag--zen4k-iptv-fr","13":"first","14":"instock","15":"sale","16":"featured","17":"virtual","18":"purchasable","19":"product-type-simple"},"_links":{"self":[{"href":"https:\/\/zen4k.net\/fr\/wp-json\/wp\/v2\/product\/22672","targetHints":{"allow":["GET"]}}],"collection":[{"href":"https:\/\/zen4k.net\/fr\/wp-json\/wp\/v2\/product"}],"about":[{"href":"https:\/\/zen4k.net\/fr\/wp-json\/wp\/v2\/types\/product"}],"replies":[{"embeddable":true,"href":"https:\/\/zen4k.net\/fr\/wp-json\/wp\/v2\/comments?post=22672"}],"wp:featuredmedia":[{"embeddable":true,"href":"https:\/\/zen4k.net\/fr\/wp-json\/wp\/v2\/media\/22231"}],"wp:attachment":[{"href":"https:\/\/zen4k.net\/fr\/wp-json\/wp\/v2\/media?parent=22672"}],"wp:term":[{"taxonomy":"product_brand","embeddable":true,"href":"https:\/\/zen4k.net\/fr\/wp-json\/wp\/v2\/product_brand?post=22672"},{"taxonomy":"product_cat","embeddable":true,"href":"https:\/\/zen4k.net\/fr\/wp-json\/wp\/v2\/product_cat?post=22672"},{"taxonomy":"product_tag","embeddable":true,"href":"https:\/\/zen4k.net\/fr\/wp-json\/wp\/v2\/product_tag?post=22672"}],"curies":[{"name":"wp","href":"https:\/\/api.w.org\/{rel}","templated":true}]}}