{"id":22675,"date":"2024-12-06T09:38:53","date_gmt":"2024-12-06T09:38:53","guid":{"rendered":"https:\/\/zen4k.net\/dlta-4k-iptv-subscription\/"},"modified":"2024-12-21T13:19:03","modified_gmt":"2024-12-21T13:19:03","slug":"abonnement-dlta-4k-iptv","status":"publish","type":"product","link":"https:\/\/zen4k.net\/fr\/abonnement-dlta-4k-iptv\/","title":{"rendered":"Abonnement DLTA 4K IPTV"},"content":{"rendered":"<h2>Abonnement DLTA 4K IPTV<\/h2>\n<p>L&rsquo;abonnement DLTA 4K IPTV offre des services de streaming 4K de haute qualit\u00e9, donnant acc\u00e8s \u00e0 plus de 22 000 cha\u00eenes de t\u00e9l\u00e9vision en direct et 130 000 films et s\u00e9ries \u00e0 la demande. Le service prend en charge diverses cat\u00e9gories telles que les sports, les films, les \u00e9missions pour enfants et les cha\u00eenes internationales, y compris des options populaires telles que MBC, beIN Sports, OSN et bien d&rsquo;autres provenant de r\u00e9gions telles que l&rsquo;Europe, le Moyen-Orient et les Am\u00e9riques.<\/p>\n<p>Abonnement DLTA 4K IPTV<\/p>\n<p>Les principales caract\u00e9ristiques sont les suivantes<br \/>\n1. Qualit\u00e9 4K Ultra HD : Diffusion fluide en haute r\u00e9solution avec des images \u00e9clatantes.<br \/>\n2. Compatibilit\u00e9 : Fonctionne sur une vari\u00e9t\u00e9 d&rsquo;appareils tels que les Smart TV, les appareils mobiles, Firestick, les plateformes Android et iOS.<br \/>\n3. Options d&rsquo;abonnement : Disponibles pour des dur\u00e9es de 1 mois \u00e0 24 mois, avec des prix g\u00e9n\u00e9ralement compris entre 50 et 100 dollars par an en fonction du fournisseur et des promotions.<br \/>\n4. Facilit\u00e9 d&rsquo;acc\u00e8s : Inclut la prise en charge des applications et des APK, avec des interfaces intuitives pour une utilisation sans effort.<br \/>\n5. Essais gratuits et assistance : De nombreux fournisseurs proposent des essais gratuits et une assistance client\u00e8le 24 heures sur 24 et 7 jours sur 7.<\/p>\n<p>Ce service est particuli\u00e8rement populaire parmi les utilisateurs qui recherchent un acc\u00e8s complet \u00e0 des contenus r\u00e9gionaux et internationaux dans une qualit\u00e9 4K \u00e9poustouflante.<\/p>\n","protected":false},"excerpt":{"rendered":"<h2 dir=\"ltr\">Abonnement DLTA 4K IPTV<\/h2>\n<p>Smart TV (Samsung, LG, Sony, etc.).<br \/>\nBo\u00eetier Android (Tous les mod\u00e8les)<br \/>\nApple TV<br \/>\nMAG (Tous les mod\u00e8les).<br \/>\nBo\u00eetier Formula (Tous les mod\u00e8les).<br \/>\nFirestick<br \/>\nTout type d&rsquo;appareil Android et iOS.<br \/>\nT\u00e9l\u00e9phone\/Tablette.<br \/>\nToutes les applications IPTV. (iptv smarters pro, smart iptv, iptv stream player, TiviMate, iboplayer, ssiptv, netiptv, kodi et autres applications)<br \/>\nQualit\u00e9 et format : SD, HD, FHD, UHD et 4K.<br \/>\nEnvoi instantan\u00e9 des identifiants et des d\u00e9tails de configuration de votre abonnement IPTV.<br \/>\nSupport technique 24\/7.<\/p>\n","protected":false},"featured_media":22432,"comment_status":"open","ping_status":"closed","template":"","meta":[],"product_brand":[],"product_cat":[97],"product_tag":[98,99,100,101],"class_list":{"0":"post-22675","1":"product","2":"type-product","3":"status-publish","4":"has-post-thumbnail","6":"product_cat-dlta-4k-iptv-fr","7":"product_tag-dlta-4k-fr","8":"product_tag-dlta-4k-iptv-12-month-fr","9":"product_tag---dlta-4k-fr","10":"product_tag----dlta-4k-fr","12":"first","13":"instock","14":"sale","15":"featured","16":"virtual","17":"purchasable","18":"product-type-simple"},"_links":{"self":[{"href":"https:\/\/zen4k.net\/fr\/wp-json\/wp\/v2\/product\/22675","targetHints":{"allow":["GET"]}}],"collection":[{"href":"https:\/\/zen4k.net\/fr\/wp-json\/wp\/v2\/product"}],"about":[{"href":"https:\/\/zen4k.net\/fr\/wp-json\/wp\/v2\/types\/product"}],"replies":[{"embeddable":true,"href":"https:\/\/zen4k.net\/fr\/wp-json\/wp\/v2\/comments?post=22675"}],"wp:featuredmedia":[{"embeddable":true,"href":"https:\/\/zen4k.net\/fr\/wp-json\/wp\/v2\/media\/22432"}],"wp:attachment":[{"href":"https:\/\/zen4k.net\/fr\/wp-json\/wp\/v2\/media?parent=22675"}],"wp:term":[{"taxonomy":"product_brand","embeddable":true,"href":"https:\/\/zen4k.net\/fr\/wp-json\/wp\/v2\/product_brand?post=22675"},{"taxonomy":"product_cat","embeddable":true,"href":"https:\/\/zen4k.net\/fr\/wp-json\/wp\/v2\/product_cat?post=22675"},{"taxonomy":"product_tag","embeddable":true,"href":"https:\/\/zen4k.net\/fr\/wp-json\/wp\/v2\/product_tag?post=22675"}],"curies":[{"name":"wp","href":"https:\/\/api.w.org\/{rel}","templated":true}]}}