{"id":22678,"date":"2024-12-06T09:38:52","date_gmt":"2024-12-06T09:38:52","guid":{"rendered":"https:\/\/zen4k.net\/strong-iptv-for-12-month\/"},"modified":"2024-12-21T12:02:19","modified_gmt":"2024-12-21T12:02:19","slug":"abonnement-strong-4k-iptv-pour-12-mois","status":"publish","type":"product","link":"https:\/\/zen4k.net\/fr\/abonnement-strong-4k-iptv-pour-12-mois\/","title":{"rendered":"Abonnement STRONG 4K IPTV pour 12 mois"},"content":{"rendered":"<h2>Abonnement STRONG 4K IPTV pour 12 mois<\/h2>\n<h2>Abonnement Strong 12 mois<\/h2>\n<p>Il contient plus de 29416 cha\u00eenes diff\u00e9rentes, dont<\/p>\n<p>4K<\/p>\n<p>Les bouquets internationaux les plus puissants avec la meilleure qualit\u00e9 et les cha\u00eenes Furky en qualit\u00e9 r\u00e9elle<br \/>\nEt la fonction Time Shift pour les meilleures cha\u00eenes internationales, qui vous permet de regarder ce que vous avez manqu\u00e9 \u00e0 tout moment des \u00e9v\u00e9nements sportifs et artistiques importants et de divers programmes t\u00e9l\u00e9vis\u00e9s.<\/p>\n<p>Serveur 4K puissant<\/p>\n<p>Une \u00e9norme biblioth\u00e8que de 102756 films et 23031 s\u00e9ries, mise \u00e0 jour quotidiennement, avec des fonctionnalit\u00e9s telles que des sous-titres et des doublages multilingues.<\/p>\n<p>Biblioth\u00e8que de films et de s\u00e9ries originaux en FHD<\/p>\n<p>\u00c9norme biblioth\u00e8que de films et de s\u00e9ries<\/p>\n<p>Les packages sportifs internationaux les plus puissants et les plus populaires, crypt\u00e9s et ouverts.<\/p>\n<p>+20000 \u0642\u0646\u0627\u0629 (SD\/HD\/FHD\/4K)<br \/>\n+78000 Films et s\u00e9ries<br \/>\n(720p\/1080p)<br \/>\nGuide TV EPG<br \/>\nSupport technique rapide 24\/7<br \/>\nFonctionne sur ordinateur &#8211; portable &#8211; smart TV<br \/>\nFonctionne sur Android, iPhone et set-top box &#8211; Mag<\/p>\n<p>Serveur 4K puissant<\/p>\n<p>Biblioth\u00e8que de films et de s\u00e9ries<\/p>\n<p>Nous disposons d&rsquo;une vaste biblioth\u00e8que de films et de s\u00e9ries, de paquets sp\u00e9ciaux pour les enfants et de contenus \u00e9ducatifs distinctifs, et les contenus sont mis \u00e0 jour en priorit\u00e9 avec des copies originales sans logos g\u00eanants.<\/p>\n<p>Guide TV EPG<\/p>\n<p>Cha\u00eenes 4K, FHD et HD<\/p>\n<p>Une vaste biblioth\u00e8que de films et de s\u00e9ries de haute qualit\u00e9 en haute d\u00e9finition, renouvel\u00e9e quotidiennement sans logos g\u00eanants.<\/p>\n<p>4k \/ 3D \/ Full HD \/ HD \/SD<\/p>\n<p>Applications actualis\u00e9es et sp\u00e9cifiques au serveur pour les appareils Android<\/p>\n<p>Programmes \u00e0 ex\u00e9cuter sur les appareils Windows et Apple<\/p>\n<p>Assistance technique 24 heures sur 24 et 7 jours sur 7<\/p>\n<p>Service VIP en termes de contenu et de support<\/p>\n<p>Stabilisation \u00e0 100 % du CDN<\/p>\n<p>Le code Xtream prend en charge la lecture sur plusieurs appareils<\/p>\n<p>IOS prend en charge les appareils<\/p>\n<p>iptv fort pour 12 mois<\/p>\n<p>Nous prenons en charge la lecture sur<br \/>\nServeur Strong 4K<br \/>\nMAG, M3U, Smart TV, Dream link, tous les syst\u00e8mes Android, Fire Stick, WebTV et IOS sont les plateformes prises en charge.<\/p>\n<p>Vous pouvez demander un abonnement d&rsquo;essai ou un abonnement payant, et nous communiquerons avec vous et vous fournirons les meilleurs moyens de fonctionner sur tous les appareils disponibles, et vous pouvez nous contacter pour toute demande.<\/p>\n<p>Vous pouvez nous rejoindre en tant que distributeur<\/p>\n<p>Rejoignez notre famille de distributeurs et d&rsquo;agents dans le monde entier et vous pourrez poss\u00e9der une plaque de distributeur ou d&rsquo;agent Strong 4K Server.<\/p>\n<p>Nous vous fournissons les cartes et l&rsquo;exp\u00e9dition pour faire des abonnements, vous former pour traiter avec diff\u00e9rents appareils et acqu\u00e9rir de l&rsquo;exp\u00e9rience.<\/p>\n<p>R\u00e8glements pour les distributeurs et les agents<\/p>\n<p>Nous offrons plusieurs syst\u00e8mes pour les distributeurs et les agents dans le monde entier qui vous permettent de revendre nos services et de maximiser votre revenu mensuel.<\/p>\n<p>Serveur Strong 4K<br \/>\nApplications d&rsquo;exploitation<br \/>\nstrong4k store<br \/>\nXC<\/p>\n<p>Pro<\/p>\n<p>Power<\/p>\n<p>Pour Android<\/p>\n<p>IPTV Smarters<\/p>\n<p>&nbsp;<\/p>\n<p>Pour iPhone t\u00e9l\u00e9charger l&rsquo;application<br \/>\nXtream IPTV<\/p>\n<p>&nbsp;<\/p>\n<p>ou l&rsquo;application<br \/>\n247 IPTV<\/p>\n<p>iptv forte pour 12 mois<\/p>\n<p>: IPTV Smarters Windows app link<\/p>\n<p>&nbsp;<\/p>\n<p>smart iptv app link<\/p>\n","protected":false},"excerpt":{"rendered":"<h2>**Abonnement STRONG 4K IPTV pour 12 mois**<\/h2>\n<p>Ce que vous obtenez avec un abonnement Strong de 12 mois :<\/p>\n<p>Apr\u00e8s le paiement, vous recevrez le lien M3u et vos donn\u00e9es Xtream.<br \/>\nL&rsquo;abonnement sera livr\u00e9 par WhatsApp &#8211; email.<br \/>\nUn de nos agents vous aidera jusqu&rsquo;\u00e0 ce que vous installiez votre abonnement.<br \/>\nVous avez acc\u00e8s \u00e0 plus de 18 500 cha\u00eenes de t\u00e9l\u00e9vision.<br \/>\nVous pouvez obtenir plus de 80 000+ films et s\u00e9ries VOD.<br \/>\nQualit\u00e9 d&rsquo;image SD, HD, 4K et Ultra HD.<br \/>\nTous les pays\/ Compatible avec tous les appareils.<br \/>\nVous b\u00e9n\u00e9ficiez d&rsquo;un service client 24h\/24 et 7j\/7<\/p>\n","protected":false},"featured_media":22213,"comment_status":"open","ping_status":"closed","template":"","meta":[],"product_brand":[],"product_cat":[102],"product_tag":[103,104,105,106,107],"class_list":{"0":"post-22678","1":"product","2":"type-product","3":"status-publish","4":"has-post-thumbnail","6":"product_cat-strong-4k-iptv-fr","7":"product_tag-iptv-smarters-fr","8":"product_tag-strong-4k-server-fr","9":"product_tag-strong-iptv-for-12-month-fr","10":"product_tag---12--fr","11":"product_tag--strong4k-fr","12":"mh-has-gallery","14":"first","15":"instock","16":"sale","17":"featured","18":"virtual","19":"purchasable","20":"product-type-simple"},"_links":{"self":[{"href":"https:\/\/zen4k.net\/fr\/wp-json\/wp\/v2\/product\/22678","targetHints":{"allow":["GET"]}}],"collection":[{"href":"https:\/\/zen4k.net\/fr\/wp-json\/wp\/v2\/product"}],"about":[{"href":"https:\/\/zen4k.net\/fr\/wp-json\/wp\/v2\/types\/product"}],"replies":[{"embeddable":true,"href":"https:\/\/zen4k.net\/fr\/wp-json\/wp\/v2\/comments?post=22678"}],"wp:featuredmedia":[{"embeddable":true,"href":"https:\/\/zen4k.net\/fr\/wp-json\/wp\/v2\/media\/22213"}],"wp:attachment":[{"href":"https:\/\/zen4k.net\/fr\/wp-json\/wp\/v2\/media?parent=22678"}],"wp:term":[{"taxonomy":"product_brand","embeddable":true,"href":"https:\/\/zen4k.net\/fr\/wp-json\/wp\/v2\/product_brand?post=22678"},{"taxonomy":"product_cat","embeddable":true,"href":"https:\/\/zen4k.net\/fr\/wp-json\/wp\/v2\/product_cat?post=22678"},{"taxonomy":"product_tag","embeddable":true,"href":"https:\/\/zen4k.net\/fr\/wp-json\/wp\/v2\/product_tag?post=22678"}],"curies":[{"name":"wp","href":"https:\/\/api.w.org\/{rel}","templated":true}]}}