{"id":22686,"date":"2024-12-06T09:38:52","date_gmt":"2024-12-06T09:38:52","guid":{"rendered":"https:\/\/zen4k.net\/iptv-subscription-3-months\/"},"modified":"2024-12-21T10:34:05","modified_gmt":"2024-12-21T10:34:05","slug":"abonnement-iptv-3-mois","status":"publish","type":"product","link":"https:\/\/zen4k.net\/fr\/abonnement-iptv-3-mois\/","title":{"rendered":"ABONNEMENT IPTV 3 MOIS"},"content":{"rendered":"<h2>ABONNEMENT IPTV 3 MOIS<\/h2>\n<p>IPTV SUBSCRIPTION 3 MONTHS<\/p>\n<p>Abonnement IPTV 3 mois<\/p>\n<p>Pourquoi choisir l&rsquo;abonnement IPTV Premium 3 mois ?<\/p>\n<p>Notre abonnement IPTV de 3 mois vous permet de regarder jusqu&rsquo;\u00e0 18 000+ cha\u00eenes et jusqu&rsquo;\u00e0 80 000+ films et s\u00e9ries, en qualit\u00e9 SD, HD, FHD, FHD et 4K. Nous disposons du meilleur serveur avec un temps de disponibilit\u00e9 de 99% et un fonctionnement stable, et une garantie de remboursement de 100% en 24 heures.<\/p>\n<p>Avec un abonnement d&rsquo;un mois, vous avez acc\u00e8s \u00e0 tous les pays du monde : Royaume-Uni, France, Nouvelle-Z\u00e9lande, Canada, USA, Hongrie, Espagne, Italie, Portugal, Allemagne, Pologne, Gr\u00e8ce, Turquie, Danemark, Croatie, Suisse, Norv\u00e8ge, Pays-Bas, Inde Toutes les cha\u00eenes arabes etc. Profitez de la meilleure IPTV sur Internet.<\/p>\n<p>ABONNEMENT IPTV 3 MOIS<\/p>\n<p>Regardez l&rsquo;IPTV sur tous vos appareils !<\/p>\n<p>Ordinateurs (Linux, Mac, Windows).<br \/>\nLogiciels informatiques (VLC player ou Xtream IPTV player, M3u player).<br \/>\nSmartphones (iPhone, Samsung et tous les t\u00e9l\u00e9phones Android).<br \/>\nSmart TV (Samsung \/ LG \/ TCL \/ Sony &#8230;).<br \/>\nAndroid (toutes les box TV).<br \/>\nAndroid TV (lecteur parfait).<br \/>\nFonctionne avec toutes les applications (SmarterTV \/ SmartOne \/ Tivimet \/ GSE Smart IPTV &#8230;).<br \/>\nKodi (XBMC) version 15 et plus.<br \/>\nEmulateur de d\u00e9codeur.<br \/>\nMag 250\/254\/256.<br \/>\nPuzzle 2 \/ Dreambox \/ Vue+.<\/p>\n<h2>ABONNEMENT IPTV 3 MOIS<\/h2>\n<p>Les caract\u00e9ristiques comprennent : Apr\u00e8s l&rsquo;achat d&rsquo;un abonnement IPTV de 3 mois<\/p>\n<p>Plus de 18 cha\u00eenes.<br \/>\nPlus de 40 000 films et s\u00e9ries.<br \/>\nTr\u00e8s haute qualit\u00e9 SD &#8211; HD &#8211; FHD &#8211; 4K. Mises \u00e0 jour quotidiennes.<br \/>\nGuide \u00e9lectronique des programmes disponible.<br \/>\nCatch up | Live.<br \/>\nDisponible dans le monde entier.<br \/>\nTous les appareils sont pris en charge.<br \/>\nSyst\u00e8me antigel.<br \/>\nPas de mise en m\u00e9moire tampon des cha\u00eenes.<br \/>\nCompatible avec les VPN<br \/>\nAvant d&rsquo;acheter, demandez un essai gratuit de 4 heures.<\/p>\n<p>Veuillez noter que vous avez besoin d&rsquo;environ 5MB de connexion internet pour les cha\u00eenes SD et de 10+MB de connexion internet pour les cha\u00eenes HD.<br \/>\nSupport HD<\/p>\n<p>Cependant, si vous avez besoin d&rsquo;aide ou d&rsquo;instructions pour installer le service, l&rsquo;un de nos agents vous assistera jusqu&rsquo;\u00e0 ce que vous ayez install\u00e9 votre abonnement.<\/p>\n<p>N&rsquo;h\u00e9sitez pas \u00e0 nous contacter via WhatsApp. Nous serons \u00e0 vos c\u00f4t\u00e9s \u00e0 tout moment de la journ\u00e9e.<\/p>\n<p>Profitez du meilleur service IPTV \u00e0 des prix abordables : Chez zen4k.net<\/p>\n","protected":false},"excerpt":{"rendered":"<h1>ABONNEMENT IPTV 3 MOIS<\/h1>\n<p>Ce que vous obtenez dans un abonnement IPTV de 3 mois :<\/p>\n<p>\u2705 Apr\u00e8s le paiement, vous recevrez le lien M3u et vos codes Xtream.<br \/>\n\u2705 L&rsquo;abonnement sera livr\u00e9 par WhatsApp &#8211; email.<br \/>\n\u2705 Un de nos agents vous aidera jusqu&rsquo;\u00e0 l&rsquo;installation de votre abonnement.<br \/>\n\u2705 Vous avez acc\u00e8s \u00e0 plus de 18 500 cha\u00eenes de t\u00e9l\u00e9vision.<br \/>\n\u2705 Vous pouvez obtenir plus de +80 000 films et s\u00e9ries en VOD.<br \/>\n\u2705 Qualit\u00e9 d&rsquo;image SD, HD, 4K et Ultra HD.<br \/>\n\u2705 Tous les pays \/ compatible avec tous les appareils.<br \/>\n\u2705 Vous pouvez b\u00e9n\u00e9ficier d&rsquo;un service client 24h\/24 et 7j\/7.<\/p>\n","protected":false},"featured_media":22228,"comment_status":"open","ping_status":"closed","template":"","meta":[],"product_brand":[],"product_cat":[86],"product_tag":[114,115,116,117,118],"class_list":{"0":"post-22686","1":"product","2":"type-product","3":"status-publish","4":"has-post-thumbnail","6":"product_cat-subscription-iptv-fr","7":"product_tag-4k-fr","8":"product_tag-fhd-fr","9":"product_tag-m3u-fr","10":"product_tag-xtream-iptv-fr","11":"product_tag--iptv--3--fr","13":"first","14":"instock","15":"sale","16":"virtual","17":"purchasable","18":"product-type-simple"},"_links":{"self":[{"href":"https:\/\/zen4k.net\/fr\/wp-json\/wp\/v2\/product\/22686","targetHints":{"allow":["GET"]}}],"collection":[{"href":"https:\/\/zen4k.net\/fr\/wp-json\/wp\/v2\/product"}],"about":[{"href":"https:\/\/zen4k.net\/fr\/wp-json\/wp\/v2\/types\/product"}],"replies":[{"embeddable":true,"href":"https:\/\/zen4k.net\/fr\/wp-json\/wp\/v2\/comments?post=22686"}],"wp:featuredmedia":[{"embeddable":true,"href":"https:\/\/zen4k.net\/fr\/wp-json\/wp\/v2\/media\/22228"}],"wp:attachment":[{"href":"https:\/\/zen4k.net\/fr\/wp-json\/wp\/v2\/media?parent=22686"}],"wp:term":[{"taxonomy":"product_brand","embeddable":true,"href":"https:\/\/zen4k.net\/fr\/wp-json\/wp\/v2\/product_brand?post=22686"},{"taxonomy":"product_cat","embeddable":true,"href":"https:\/\/zen4k.net\/fr\/wp-json\/wp\/v2\/product_cat?post=22686"},{"taxonomy":"product_tag","embeddable":true,"href":"https:\/\/zen4k.net\/fr\/wp-json\/wp\/v2\/product_tag?post=22686"}],"curies":[{"name":"wp","href":"https:\/\/api.w.org\/{rel}","templated":true}]}}