{"id":22697,"date":"2024-12-06T09:38:52","date_gmt":"2024-12-06T09:38:52","guid":{"rendered":"https:\/\/zen4k.net\/iptv-subscription-12-month\/"},"modified":"2024-12-21T16:27:54","modified_gmt":"2024-12-21T16:27:54","slug":"abonnement-iptv-12-mois","status":"publish","type":"product","link":"https:\/\/zen4k.net\/fr\/abonnement-iptv-12-mois\/","title":{"rendered":"Abonnement IPTV 12 Mois"},"content":{"rendered":"<h2><strong>Abonnement IPTV 12 Mois<\/strong><\/h2>\n<p><strong>Pourquoi choisir l&rsquo;abonnement IPTV Premium de 12 mois ?<\/strong><\/p>\n<p>Le forfait d&rsquo;abonnement IPTV de 12 mois offre un acc\u00e8s \u00e0 plus de <strong>18 000 cha\u00eenes<\/strong> et \u00e0 plus de <strong>80 000 films et s\u00e9ries<\/strong>, avec une qualit\u00e9 optimale allant de SD, HD, FHD jusqu&rsquo;\u00e0 4K. Notre service garantit <strong>une disponibilit\u00e9 des serveurs de 99%<\/strong>, un streaming stable et une <strong>garantie de remboursement \u00e0 100% sous 24 heures<\/strong>.<\/p>\n<p>Avec cet abonnement de 12 mois, vous aurez acc\u00e8s \u00e0 des cha\u00eenes du monde entier, notamment :<\/p>\n<ul>\n<li>Royaume-Uni<\/li>\n<li>France<\/li>\n<li>Nouvelle-Z\u00e9lande<\/li>\n<li>Canada<\/li>\n<li>\u00c9tats-Unis<\/li>\n<li>Hongrie<\/li>\n<li>Espagne<\/li>\n<li>Italie<\/li>\n<li>Portugal<\/li>\n<li>Allemagne<\/li>\n<li>Pologne<\/li>\n<li>Gr\u00e8ce<\/li>\n<li>Turquie<\/li>\n<li>Danemark<\/li>\n<li>Croatie<\/li>\n<li>Suisse<\/li>\n<li>Norv\u00e8ge<\/li>\n<li>Pays-Bas<\/li>\n<li>Inde<\/li>\n<li>Tous les pays arabes, et plus encore !<\/li>\n<\/ul>\n<p><strong>Profitez de la meilleure exp\u00e9rience IPTV en ligne.<\/strong><\/p>\n<h3>Regardez IPTV sur tous vos appareils !<\/h3>\n<ul>\n<li><strong>PC<\/strong> (Linux, Mac, Windows)<\/li>\n<li><strong>Applications PC<\/strong> (VLC Player, Xtream IPTV Player, M3U Player)<\/li>\n<li><strong>Smartphones<\/strong> (iPhone, Samsung et tous les t\u00e9l\u00e9phones Android)<\/li>\n<li><strong>Smart TV<\/strong> (Samsung, LG, TCL, Sony, etc.)<\/li>\n<li><strong>Appareils Android<\/strong> (tous les bo\u00eetiers TV Android)<\/li>\n<li><strong>Android TV<\/strong> (Perfect Player)<\/li>\n<li>Compatible avec toutes les applications IPTV (Smarters, Smart One, TiviMate, GSE Smart IPTV, etc.)<\/li>\n<li><strong>Kodi (XBMC)<\/strong> version 15 et sup\u00e9rieure<\/li>\n<li><strong>\u00c9mulateur STB<\/strong><\/li>\n<li><strong>Bo\u00eetiers MAG<\/strong> (250\/254\/256)<\/li>\n<li><strong>Enigma2\/Dreambox\/Vu+<\/strong><\/li>\n<\/ul>\n<h3>Caract\u00e9ristiques incluses apr\u00e8s l&rsquo;achat de l&rsquo;abonnement IPTV de 12 mois :<\/h3>\n<ul>\n<li>Plus de <strong>18 000 cha\u00eenes<\/strong><\/li>\n<li>Plus de <strong>80 000 films et s\u00e9ries<\/strong><\/li>\n<li>Streaming de tr\u00e8s haute qualit\u00e9 : <strong>SD, HD, FHD, 4K<\/strong><\/li>\n<li>Mises \u00e0 jour quotidiennes<\/li>\n<li>Guide \u00e9lectronique des programmes (EPG) disponible<\/li>\n<li>Options de rattrapage et de TV en direct<\/li>\n<li>Disponibilit\u00e9 mondiale<\/li>\n<li>Compatible avec tous les appareils<\/li>\n<li>Syst\u00e8me anti-gel pour une visualisation fluide<\/li>\n<li>Aucun probl\u00e8me de mise en m\u00e9moire tampon<\/li>\n<li>Compatible avec les VPN<\/li>\n<\/ul>\n<h3>Essai gratuit<\/h3>\n<p>Avant d&rsquo;acheter, demandez un <strong>essai gratuit de 4 heures<\/strong> pour tester le service.<\/p>\n<h3>Exigences en mati\u00e8re de vitesse Internet<\/h3>\n<ul>\n<li>Un minimum de <strong>5 Mbps<\/strong> est requis pour les cha\u00eenes en SD<\/li>\n<li>Un minimum de <strong>10 Mbps ou plus<\/strong> est recommand\u00e9 pour les cha\u00eenes en HD<\/li>\n<\/ul>\n<h3>Support d\u00e9di\u00e9<\/h3>\n<p>Aucune connaissance technique n&rsquo;est requise pour installer nos abonnements. Cependant, si vous avez besoin d&rsquo;aide ou d&rsquo;instructions pour l&rsquo;installation, l&rsquo;un de nos agents vous accompagnera pour garantir une configuration correcte de votre abonnement.<\/p>\n<h3>Contactez-nous<\/h3>\n<p>N&rsquo;h\u00e9sitez pas \u00e0 nous contacter via <strong>WhatsApp<\/strong> \u00e0 tout moment. Nous sommes disponibles 24h\/24 et 7j\/7 pour vous aider.<\/p>\n<p><strong>Profitez du meilleur service IPTV \u00e0 des prix abordables sur : <a href=\"http:\/\/zen4k.net\/\">zen4k.net<\/a><\/strong><\/p>\n","protected":false},"excerpt":{"rendered":"<h2><strong>Abonnement IPTV 12 Mois<\/strong><\/h2>\n<p><strong>Ce que vous recevrez avec un abonnement IPTV de 12 mois :<\/strong><\/p>\n<ul>\n<li>Apr\u00e8s le paiement, vous recevrez votre <strong>lien M3U<\/strong> et vos <strong>codes Xtream<\/strong>.<\/li>\n<li>L&rsquo;abonnement sera livr\u00e9 via <strong>WhatsApp<\/strong> ou <strong>email<\/strong>.<\/li>\n<li>Un de nos agents vous assistera dans le processus d&rsquo;installation.<\/li>\n<li>Acc\u00e8s \u00e0 plus de <strong>18 500 cha\u00eenes TV en direct<\/strong>.<\/li>\n<li>Acc\u00e8s \u00e0 plus de <strong>80 000 films et s\u00e9ries TV en VOD<\/strong>.<\/li>\n<li>Options de qualit\u00e9 d&rsquo;image : <strong>SD, HD, 4K, et Ultra HD<\/strong>.<\/li>\n<li>Compatible avec <strong>tous les pays<\/strong> et <strong>tous les appareils<\/strong>.<\/li>\n<li>Profitez d&rsquo;un <strong>service client disponible 24h\/24 et 7j\/7<\/strong> pour un support \u00e0 tout moment.<\/li>\n<\/ul>\n","protected":false},"featured_media":22222,"comment_status":"open","ping_status":"closed","template":"","meta":[],"product_brand":[],"product_cat":[86],"product_tag":[114,115,121,122,116,117],"class_list":{"0":"post-22697","1":"product","2":"type-product","3":"status-publish","4":"has-post-thumbnail","6":"product_cat-subscription-iptv-fr","7":"product_tag-4k-fr","8":"product_tag-fhd-fr","9":"product_tag-iptv-subscription-1-month-fr","10":"product_tag-iptv-subscription-12-month-fr","11":"product_tag-m3u-fr","12":"product_tag-xtream-iptv-fr","14":"first","15":"instock","16":"sale","17":"virtual","18":"purchasable","19":"product-type-simple"},"_links":{"self":[{"href":"https:\/\/zen4k.net\/fr\/wp-json\/wp\/v2\/product\/22697","targetHints":{"allow":["GET"]}}],"collection":[{"href":"https:\/\/zen4k.net\/fr\/wp-json\/wp\/v2\/product"}],"about":[{"href":"https:\/\/zen4k.net\/fr\/wp-json\/wp\/v2\/types\/product"}],"replies":[{"embeddable":true,"href":"https:\/\/zen4k.net\/fr\/wp-json\/wp\/v2\/comments?post=22697"}],"wp:featuredmedia":[{"embeddable":true,"href":"https:\/\/zen4k.net\/fr\/wp-json\/wp\/v2\/media\/22222"}],"wp:attachment":[{"href":"https:\/\/zen4k.net\/fr\/wp-json\/wp\/v2\/media?parent=22697"}],"wp:term":[{"taxonomy":"product_brand","embeddable":true,"href":"https:\/\/zen4k.net\/fr\/wp-json\/wp\/v2\/product_brand?post=22697"},{"taxonomy":"product_cat","embeddable":true,"href":"https:\/\/zen4k.net\/fr\/wp-json\/wp\/v2\/product_cat?post=22697"},{"taxonomy":"product_tag","embeddable":true,"href":"https:\/\/zen4k.net\/fr\/wp-json\/wp\/v2\/product_tag?post=22697"}],"curies":[{"name":"wp","href":"https:\/\/api.w.org\/{rel}","templated":true}]}}