{"id":22786,"date":"2024-12-06T09:38:52","date_gmt":"2024-12-06T09:38:52","guid":{"rendered":"https:\/\/zen4k.net\/iptv-subscription-6-months\/"},"modified":"2025-02-23T18:53:48","modified_gmt":"2025-02-23T18:53:48","slug":"abonnement-iptv-6-mois","status":"publish","type":"product","link":"https:\/\/zen4k.net\/fr\/abonnement-iptv-6-mois\/","title":{"rendered":"ABONNEMENT IPTV 6 MOIS"},"content":{"rendered":"<p data-start=\"55\" data-end=\"81\"><strong data-start=\"55\" data-end=\"81\">ABONNEMENT IPTV 6 MOIS<\/strong><\/p>\n<p data-start=\"83\" data-end=\"517\">Toutes les cha\u00eenes dont vous avez besoin, avec plus de 20 000 cha\u00eenes et plus de 86 000 films et s\u00e9ries<br data-start=\"186\" data-end=\"189\" \/>4K : La plupart des cha\u00eenes sont diffus\u00e9es dans diff\u00e9rentes qualit\u00e9s : UHD, Full HD et SD (pour les vitesses Internet faibles)<br data-start=\"315\" data-end=\"318\" \/>Compatible avec la plupart des appareils et syst\u00e8mes (Box Android, Smart TV, Samsung, LG, Mac, OS, VLC, KODI, ENIGMA2, etc.)<br data-start=\"442\" data-end=\"445\" \/>Zap rapidement. Pas de freezes ni d&rsquo;interruptions<br data-start=\"494\" data-end=\"497\" \/>Services apr\u00e8s-vente<\/p>\n<p data-start=\"519\" data-end=\"736\">Les meilleurs abonnements et exp\u00e9riences incluent plus de 20 000 cha\u00eenes vari\u00e9es, y compris des cha\u00eenes 4K, les bouquets internationaux les plus puissants avec la meilleure qualit\u00e9 et des cha\u00eenes 4K en qualit\u00e9 r\u00e9elle.<\/p>\n<p data-start=\"738\" data-end=\"963\">La fonction <strong data-start=\"750\" data-end=\"764\">Time Shift<\/strong> pour les meilleures cha\u00eenes internationales vous permet de regarder ce que vous avez manqu\u00e9 \u00e0 tout moment, y compris des \u00e9v\u00e9nements sportifs et artistiques importants et divers programmes t\u00e9l\u00e9vis\u00e9s.<\/p>\n<p data-start=\"965\" data-end=\"1227\">Une immense biblioth\u00e8que de plus de 85 000 films et 10 000 s\u00e9ries, mise \u00e0 jour quotidiennement, avec plusieurs fonctionnalit\u00e9s telles que des traductions multiples en plusieurs langues et de nombreux doublages.<br data-start=\"1175\" data-end=\"1178\" \/>Une biblioth\u00e8que de films et s\u00e9ries FHD originaux<\/p>\n<p data-start=\"1229\" data-end=\"1316\">Les forfaits sportifs internationaux les plus puissants et c\u00e9l\u00e8bres, crypt\u00e9s et ouverts<\/p>\n<p data-start=\"1318\" data-end=\"1568\">+20 000 cha\u00eenes (SD\/HD\/FHD\/4K)<br data-start=\"1348\" data-end=\"1351\" \/>+85 000 films et s\u00e9ries<br data-start=\"1374\" data-end=\"1377\" \/>(720p\/1080p\/4K)<br data-start=\"1392\" data-end=\"1395\" \/>Guide TV EPG<br data-start=\"1407\" data-end=\"1410\" \/>Support technique rapide 7 jours sur 7, 24 heures sur 24<br data-start=\"1466\" data-end=\"1469\" \/>Fonctionne sur ordinateur, portable, Smart TV<br data-start=\"1514\" data-end=\"1517\" \/>Compatible avec Android, iPhone et r\u00e9cepteurs \u2013 Mag<\/p>\n<p data-start=\"1570\" data-end=\"1582\">Guide TV EPG<\/p>\n<p data-start=\"1584\" data-end=\"1631\">Cha\u00eenes 4K &amp; FHD &amp; HD en ultra haute d\u00e9finition<\/p>\n<p data-start=\"1633\" data-end=\"1756\">Une \u00e9norme biblioth\u00e8que de films et s\u00e9ries de haute qualit\u00e9 et ultra-clairs, mise \u00e0 jour quotidiennement sans logos g\u00eanants<\/p>\n<p data-start=\"1758\" data-end=\"1820\">Programmes pour fonctionner sur les appareils Windows et Apple<\/p>\n<p data-start=\"1822\" data-end=\"1844\">Support technique 24\/7<\/p>\n<p data-start=\"1846\" data-end=\"1889\">Service en termes de contenu et support VIP<\/p>\n<p data-start=\"1891\" data-end=\"1911\">Stabilit\u00e9 CDN \u00e0 100%<\/p>\n<p data-start=\"1913\" data-end=\"1980\">Le code Xtream prend en charge la lecture sur de nombreux appareils<\/p>\n<p data-start=\"1982\" data-end=\"2010\">Appareils IOS pris en charge<\/p>\n<p data-start=\"2012\" data-end=\"2038\"><strong data-start=\"2012\" data-end=\"2038\">ABONNEMENT IPTV 6 MOIS<\/strong><\/p>\n<p data-start=\"2040\" data-end=\"2095\">Pourquoi choisir un abonnement IPTV premium de 6 mois ?<\/p>\n<p data-start=\"2097\" data-end=\"2434\">Avec l&rsquo;abonnement IPTV de 6 mois, vous avez acc\u00e8s \u00e0 plus de 18 000 cha\u00eenes et plus de 80 000 films et s\u00e9ries, avec des qualit\u00e9s de diffusion SD, HD, FHD et 4K. Nous disposons du meilleur serveur avec un temps de fonctionnement de 99 % et une stabilit\u00e9 de diffusion, avec une garantie de remboursement de 100 % dans un d\u00e9lai de 24 heures.<\/p>\n<p data-start=\"2436\" data-end=\"2462\"><strong data-start=\"2436\" data-end=\"2462\">ABONNEMENT IPTV 6 MOIS<\/strong><\/p>\n<p data-start=\"2464\" data-end=\"2792\">Avec l&rsquo;abonnement de 6 mois, vous pouvez acc\u00e9der \u00e0 tous les pays du monde : Royaume-Uni, France, Nouvelle-Z\u00e9lande, Canada, \u00c9tats-Unis, Hongrie, Espagne, Italie, Portugal, Allemagne, Pologne, Gr\u00e8ce, Turquie, Danemark, Croatie, Suisse, Norv\u00e8ge, Pays-Bas, Inde, toutes les cha\u00eenes arabes&#8230; etc. Profitez du meilleur IPTV en ligne.<\/p>\n<p data-start=\"2794\" data-end=\"2820\"><strong data-start=\"2794\" data-end=\"2820\">ABONNEMENT IPTV 6 MOIS<\/strong><\/p>\n<p data-start=\"2822\" data-end=\"2860\">Regardez IPTV sur tous vos appareils !<\/p>\n<p data-start=\"2862\" data-end=\"3330\">Ordinateurs (Linux, Mac, Windows).<br data-start=\"2896\" data-end=\"2899\" \/>Programmes pour ordinateur (lecteur VLC, lecteur Xtream IPTV, lecteur M3u).<br data-start=\"2974\" data-end=\"2977\" \/>Smartphones (iPhone, Samsung et tous les t\u00e9l\u00e9phones Android).<br data-start=\"3038\" data-end=\"3041\" \/>Smart TV (Samsung\/LG\/TCL\/Sony\u2026).<br data-start=\"3073\" data-end=\"3076\" \/>Android Box (tous les bo\u00eetiers TV).<br data-start=\"3111\" data-end=\"3114\" \/>Android TV (lecteur id\u00e9al).<br data-start=\"3141\" data-end=\"3144\" \/>Compatible avec toutes les applications (Smarters, Smart One, TVMite, GSE Smart IPTV\u2026).<br data-start=\"3231\" data-end=\"3234\" \/>Kodi (version 15 et sup\u00e9rieure).<br data-start=\"3266\" data-end=\"3269\" \/>Emulateur STB.<br data-start=\"3283\" data-end=\"3286\" \/>Mag 250\/254\/256.<br data-start=\"3302\" data-end=\"3305\" \/>Dreambox \/ VU+ \/ Enigma2.<\/p>\n<p data-start=\"3332\" data-end=\"3358\"><strong data-start=\"3332\" data-end=\"3358\">ABONNEMENT IPTV 6 MOIS<\/strong><\/p>\n<p data-start=\"3360\" data-end=\"3420\">Caract\u00e9ristiques apr\u00e8s l&rsquo;achat de l&rsquo;abonnement IPTV 6 mois :<\/p>\n<p data-start=\"3422\" data-end=\"3823\">Plus de 18 000 cha\u00eenes.<br data-start=\"3445\" data-end=\"3448\" \/>Plus de 40 000 films et s\u00e9ries.<br data-start=\"3479\" data-end=\"3482\" \/>Qualit\u00e9 tr\u00e8s haute SD &#8211; HD &#8211; FHD &#8211; 4K. Mises \u00e0 jour quotidiennes.<br data-start=\"3547\" data-end=\"3550\" \/>Guide TV \u00e9lectronique disponible.<br data-start=\"3583\" data-end=\"3586\" \/>Time Shift | Direct.<br data-start=\"3606\" data-end=\"3609\" \/>Disponible dans le monde entier.<br data-start=\"3641\" data-end=\"3644\" \/>Toutes les appareils compatibles.<br data-start=\"3677\" data-end=\"3680\" \/>Syst\u00e8me anti-freeze.<br data-start=\"3700\" data-end=\"3703\" \/>Pas de cha\u00eenes en mise en m\u00e9moire tampon.<br data-start=\"3744\" data-end=\"3747\" \/>Compatible avec VPN.<br data-start=\"3767\" data-end=\"3770\" \/>Avant l&rsquo;achat, demandez un essai gratuit de 4 heures.<\/p>\n<p data-start=\"3825\" data-end=\"3968\">Veuillez noter que vous avez besoin d&rsquo;une connexion d&rsquo;environ 5 Mo pour les cha\u00eenes SD et de plus de 10 Mo pour les cha\u00eenes HD.<br data-start=\"3952\" data-end=\"3955\" \/>Notre support<\/p>\n<p data-start=\"3970\" data-end=\"4221\">Et surtout, aucune connaissance technique n&rsquo;est requise pour installer nos abonnements. Cependant, si vous avez besoin d&rsquo;aide ou d&rsquo;instructions pour installer le service, l&rsquo;un de nos agents vous assistera jusqu&rsquo;\u00e0 ce que votre abonnement soit install\u00e9.<\/p>\n<p data-start=\"4223\" data-end=\"4318\">N&rsquo;h\u00e9sitez pas \u00e0 nous contacter via WhatsApp. Nous serons avec vous \u00e0 tout moment de la journ\u00e9e.<\/p>\n<p data-start=\"4320\" data-end=\"4391\">Profitez du meilleur service IPTV \u00e0 des prix abordables : <strong data-start=\"4378\" data-end=\"4391\">zen4k.net<\/strong><\/p>\n","protected":false},"excerpt":{"rendered":"<h2><span style=\"font-size: 16px;\">IPTV SUBSCRIPTION 6 MONTHS<\/span><\/h2>\n<p><strong>\u0645\u0627 \u0633\u062a\u062d\u0635\u0644 \u0639\u0644\u064a\u0647 \u0641\u064a \u0627\u0634\u062a\u0631\u0627\u0643 IPTV \u0644\u0645\u062f\u0629 6 \u0634\u0647\u0648\u0631:<\/strong><\/p>\n<p>\u2705\u00a0\u0628\u0639\u062f \u0627\u0644\u062f\u0641\u0639 \u0633\u0648\u0641 \u062a\u062a\u0644\u0642\u0649 \u0631\u0627\u0628\u0637 M3u \u0648\u0631\u0645\u0648\u0632 Xtream \u0627\u0644\u062e\u0627\u0635\u0629 \u0628\u0643.<br \/>\n\u2705\u00a0\u0633\u064a\u062a\u0645 \u062a\u0633\u0644\u064a\u0645 \u0627\u0644\u0627\u0634\u062a\u0631\u0627\u0643 \u0639\u0646 \u0637\u0631\u064a\u0642 WhatsApp &#8211; \u0627\u0644\u0628\u0631\u064a\u062f \u0627\u0644\u0625\u0644\u0643\u062a\u0631\u0648\u0646\u064a.<br \/>\n\u2705\u00a0\u0633\u064a\u0633\u0627\u0639\u062f\u0643 \u0623\u062d\u062f \u0648\u0643\u0644\u0627\u0626\u0646\u0627 \u062d\u062a\u0649 \u062a\u0642\u0648\u0645 \u0628\u062a\u062b\u0628\u064a\u062a \u0627\u0634\u062a\u0631\u0627\u0643\u0643.<br \/>\n\u2705\u00a0\u064a\u0645\u0643\u0646\u0643 \u0627\u0644\u062d\u0635\u0648\u0644 \u0639\u0644\u0649 \u0623\u0643\u062b\u0631 \u0645\u0646 +18,500 \u0642\u0646\u0627\u0629 \u062a\u0644\u0641\u0632\u064a\u0648\u0646\u064a\u0629.<br \/>\n\u2705\u00a0\u064a\u0645\u0643\u0646\u0643 \u0627\u0644\u062d\u0635\u0648\u0644 \u0639\u0644\u0649 \u0623\u0643\u062b\u0631 \u0645\u0646 +80,000 \u0641\u064a\u0644\u0645 \u0648\u0645\u0633\u0644\u0633\u0644 VOD.<br \/>\n\u2705\u00a0\u062c\u0648\u062f\u0629 \u0635\u0648\u0631\u0629 SD \u0648 HD \u0648 4K \u0648 Ultra HD.<br \/>\n\u2705\u00a0\u062c\u0645\u064a\u0639 \u0627\u0644\u0628\u0644\u062f\u0627\u0646 \/ \u0645\u062a\u0648\u0627\u0641\u0642 \u0645\u0639 \u062c\u0645\u064a\u0639 \u0627\u0644\u0623\u062c\u0647\u0632\u0629.<br \/>\n\u2705\u00a0\u064a\u0645\u0643\u0646\u0643 \u0627\u0644\u0627\u0633\u062a\u0641\u0627\u062f\u0629 \u0645\u0646 \u062e\u062f\u0645\u0629 \u0627\u0644\u0639\u0645\u0644\u0627\u0621 24\/7.<\/p>\n","protected":false},"featured_media":22225,"comment_status":"open","ping_status":"closed","template":"","meta":[],"product_brand":[],"product_cat":[86],"product_tag":[114,115,126,116,117],"class_list":{"0":"post-22786","1":"product","2":"type-product","3":"status-publish","4":"has-post-thumbnail","6":"product_cat-subscription-iptv-fr","7":"product_tag-4k-fr","8":"product_tag-fhd-fr","9":"product_tag-iptv-subscription-6-months-fr","10":"product_tag-m3u-fr","11":"product_tag-xtream-iptv-fr","13":"first","14":"instock","15":"sale","16":"shipping-taxable","17":"purchasable","18":"product-type-simple"},"_links":{"self":[{"href":"https:\/\/zen4k.net\/fr\/wp-json\/wp\/v2\/product\/22786","targetHints":{"allow":["GET"]}}],"collection":[{"href":"https:\/\/zen4k.net\/fr\/wp-json\/wp\/v2\/product"}],"about":[{"href":"https:\/\/zen4k.net\/fr\/wp-json\/wp\/v2\/types\/product"}],"replies":[{"embeddable":true,"href":"https:\/\/zen4k.net\/fr\/wp-json\/wp\/v2\/comments?post=22786"}],"wp:featuredmedia":[{"embeddable":true,"href":"https:\/\/zen4k.net\/fr\/wp-json\/wp\/v2\/media\/22225"}],"wp:attachment":[{"href":"https:\/\/zen4k.net\/fr\/wp-json\/wp\/v2\/media?parent=22786"}],"wp:term":[{"taxonomy":"product_brand","embeddable":true,"href":"https:\/\/zen4k.net\/fr\/wp-json\/wp\/v2\/product_brand?post=22786"},{"taxonomy":"product_cat","embeddable":true,"href":"https:\/\/zen4k.net\/fr\/wp-json\/wp\/v2\/product_cat?post=22786"},{"taxonomy":"product_tag","embeddable":true,"href":"https:\/\/zen4k.net\/fr\/wp-json\/wp\/v2\/product_tag?post=22786"}],"curies":[{"name":"wp","href":"https:\/\/api.w.org\/{rel}","templated":true}]}}